{"id":2870,"date":"2014-04-29T10:41:17","date_gmt":"2014-04-29T13:41:17","guid":{"rendered":"http:\/\/statussambashow.com.br\/site\/?page_id=2870"},"modified":"2014-09-04T22:55:34","modified_gmt":"2014-09-05T01:55:34","slug":"pacotes-de-shows-e-eventos-status-samba-show","status":"publish","type":"page","link":"http:\/\/www.statussambashow.com.br\/site\/pacotes-de-shows-e-eventos-status-samba-show\/","title":{"rendered":"<b>Pacotes &#8211; Status Samba Show<\/b>"},"content":{"rendered":"\n<style type=\"text\/css\" data-created_by=\"avia_inline_auto\" id=\"style-css-av-av_heading-aba58b13b5ffedb7ee89004a897755cc\">\n#top .av-special-heading.av-av_heading-aba58b13b5ffedb7ee89004a897755cc{\npadding-bottom:10px;\n}\nbody .av-special-heading.av-av_heading-aba58b13b5ffedb7ee89004a897755cc .av-special-heading-tag .heading-char{\nfont-size:25px;\n}\n.av-special-heading.av-av_heading-aba58b13b5ffedb7ee89004a897755cc .av-subheading{\nfont-size:10px;\n}\n<\/style>\n<div  class='av-special-heading av-av_heading-aba58b13b5ffedb7ee89004a897755cc av-special-heading-h2 blockquote modern-quote  avia-builder-el-0  el_before_av_masonry_entries  avia-builder-el-no-sibling '><h2 class='av-special-heading-tag'  itemprop=\"headline\"  >Conhe\u00e7a nossos pacotes de Shows e Eventos.<\/h2><div class=\"special-heading-border\"><div class=\"special-heading-inner-border\"><\/div><\/div><\/div>\n<div id='av-masonry-1' class='av-masonry av-av_masonry_entries-be783f9400f0acb9801027eeeae5ddfb noHover av-fixed-size av-1px-gap av-hover-overlay-active av-masonry-animation-active av-masonry-col-automatic av-caption-always av-caption-style- av-masonry-entries ' data-post_id=\"2870\"><div class=\"av-masonry-container isotope av-js-disabled\"><div class='av-masonry-entry isotope-item av-masonry-item-no-image all_sort eventos_sort '><\/div><a href=\"http:\/\/www.statussambashow.com.br\/site\/portfolio-item\/pacote-bateria-de-escola-de-samba-samba-show\/\"  id='av-masonry-1-item-2892' data-av-masonry-item='2892' class='av-masonry-entry isotope-item post-2892 portfolio type-portfolio status-publish has-post-thumbnail hentry tag-bateria-de-escola-de-samba tag-mestre-sala tag-mulatas tag-pacote tag-passistas tag-porta-bandeira tag-samba-show-2 portfolio_entries-eventos all_sort eventos_sort  av-masonry-item-with-image av-grid-img' title=\"Bateria Samba Show Status 0013\"   itemscope=\"itemscope\" itemtype=\"https:\/\/schema.org\/CreativeWork\" ><div class='av-inner-masonry-sizer'><\/div><figure class='av-inner-masonry main_color'><div class=\"av-masonry-outerimage-container\"><div class='av-masonry-image-container' style=\"background-image: url(http:\/\/www.statussambashow.com.br\/site\/wp-content\/uploads\/2014\/04\/Bateria-Samba-Show-Status-0013-705x470.jpg);\"  title=\"Bateria Samba Show Status 0013\"  ><\/div><\/div><figcaption class='av-inner-masonry-content site-background'><div class='av-inner-masonry-content-pos'><div class='av-inner-masonry-content-pos-content'><div class='avia-arrow'><\/div><h3 class='av-masonry-entry-title entry-title '  itemprop=\"headline\" >Bateria de Escola de Samba &#8211; Samba Show<\/h3><\/div><\/div><\/figcaption><\/figure><\/a><!--end av-masonry entry--><a href=\"http:\/\/www.statussambashow.com.br\/site\/portfolio-item\/roda-de-samba\/\"  id='av-masonry-1-item-2890' data-av-masonry-item='2890' class='av-masonry-entry isotope-item post-2890 portfolio type-portfolio status-publish has-post-thumbnail hentry tag-pacotes tag-roda-de-samba tag-samba-de-roda-2 portfolio_entries-eventos all_sort eventos_sort  av-masonry-item-with-image av-landscape-img' title=\"Roda de Samba em Festa de Casamento\"   itemscope=\"itemscope\" itemtype=\"https:\/\/schema.org\/CreativeWork\" ><div class='av-inner-masonry-sizer'><\/div><figure class='av-inner-masonry main_color'><div class=\"av-masonry-outerimage-container\"><div class='av-masonry-image-container' style=\"background-image: url(http:\/\/www.statussambashow.com.br\/site\/wp-content\/uploads\/2014\/05\/Casamento-Laura0001-705x396.jpg);\"  title=\"Roda de Samba em Festa de Casamento\"   alt=\"Festa de Casamento com Roda de Samba\" ><\/div><\/div><figcaption class='av-inner-masonry-content site-background'><div class='av-inner-masonry-content-pos'><div class='av-inner-masonry-content-pos-content'><div class='avia-arrow'><\/div><h3 class='av-masonry-entry-title entry-title '  itemprop=\"headline\" >Roda de Samba<\/h3><\/div><\/div><\/figcaption><\/figure><\/a><!--end av-masonry entry--><a href=\"http:\/\/www.statussambashow.com.br\/site\/portfolio-item\/techno-samba-show\/\"  id='av-masonry-1-item-2882' data-av-masonry-item='2882' class='av-masonry-entry isotope-item post-2882 portfolio type-portfolio status-publish has-post-thumbnail hentry tag-bateria-de-escola-de-samba tag-dj tag-techno-samba-show portfolio_entries-eventos all_sort eventos_sort  av-masonry-item-with-image av-grid-img' title=\"Lista_completa_de_show_SWU\"   itemscope=\"itemscope\" itemtype=\"https:\/\/schema.org\/CreativeWork\" ><div class='av-inner-masonry-sizer'><\/div><figure class='av-inner-masonry main_color'><div class=\"av-masonry-outerimage-container\"><div class='av-masonry-image-container' style=\"background-image: url(http:\/\/www.statussambashow.com.br\/site\/wp-content\/uploads\/2014\/04\/Lista_completa_de_show_SWU.jpg);\"  title=\"Lista_completa_de_show_SWU\"  ><\/div><\/div><figcaption class='av-inner-masonry-content site-background'><div class='av-inner-masonry-content-pos'><div class='av-inner-masonry-content-pos-content'><div class='avia-arrow'><\/div><h3 class='av-masonry-entry-title entry-title '  itemprop=\"headline\" >Techno Samba Show<\/h3><\/div><\/div><\/figcaption><\/figure><\/a><!--end av-masonry entry--><a href=\"http:\/\/www.statussambashow.com.br\/site\/portfolio-item\/show-de-mulatas\/\"  id='av-masonry-1-item-2891' data-av-masonry-item='2891' class='av-masonry-entry isotope-item post-2891 portfolio type-portfolio status-publish has-post-thumbnail hentry tag-mulatas tag-passistas tag-show-de-mulatas-2 portfolio_entries-eventos all_sort eventos_sort  av-masonry-item-with-image av-grid-img' title=\"Passistas &#8211; Status Samba Show  0017\"   itemscope=\"itemscope\" itemtype=\"https:\/\/schema.org\/CreativeWork\" ><div class='av-inner-masonry-sizer'><\/div><figure class='av-inner-masonry main_color'><div class=\"av-masonry-outerimage-container\"><div class='av-masonry-image-container' style=\"background-image: url(http:\/\/www.statussambashow.com.br\/site\/wp-content\/uploads\/2014\/04\/Passistas-Status-Samba-Show-0017-705x470.jpg);\"  title=\"Passistas &#8211; Status Samba Show  0017\"  ><\/div><\/div><figcaption class='av-inner-masonry-content site-background'><div class='av-inner-masonry-content-pos'><div class='av-inner-masonry-content-pos-content'><div class='avia-arrow'><\/div><h3 class='av-masonry-entry-title entry-title '  itemprop=\"headline\" >Show de Mulatas<\/h3><\/div><\/div><\/figcaption><\/figure><\/a><!--end av-masonry entry--><\/div><\/div>\n<div id='av_section_1'  class='avia-section av-av_section-2faeb4ca45b7fcf1bd6092f9ee0a1926 alternate_color avia-section-large avia-shadow  avia-builder-el-2  el_after_av_masonry_entries  avia-builder-el-last  avia-bg-style-scroll container_wrap sidebar_right'  ><div class='container av-section-cont-open' ><div class='template-page content  av-content-small alpha units'><div class='post-entry post-entry-type-page post-entry-2870'><div class='entry-content-wrapper clearfix'>\n\n<style type=\"text\/css\" data-created_by=\"avia_inline_auto\" id=\"style-css-av-av_heading-372a5392dd0a26efd5945ddbfdd9c7ce\">\n#top .av-special-heading.av-av_heading-372a5392dd0a26efd5945ddbfdd9c7ce{\npadding-bottom:10px;\n}\nbody .av-special-heading.av-av_heading-372a5392dd0a26efd5945ddbfdd9c7ce .av-special-heading-tag .heading-char{\nfont-size:25px;\n}\n.av-special-heading.av-av_heading-372a5392dd0a26efd5945ddbfdd9c7ce .av-subheading{\nfont-size:15px;\n}\n<\/style>\n<div  class='av-special-heading av-av_heading-372a5392dd0a26efd5945ddbfdd9c7ce av-special-heading-h2 meta-heading blockquote modern-quote modern-centered  avia-builder-el-3  el_before_av_textblock  avia-builder-el-first '><h2 class='av-special-heading-tag'  itemprop=\"headline\"  ><b>DIFERENCIAIS<\/b><\/h2><div class=\"special-heading-border\"><div class=\"special-heading-inner-border\"><\/div><\/div><\/div>\n<section  class='av_textblock_section av-av_textblock-6b22bd10f6a80d1d633ec96f97f4768a '   itemscope=\"itemscope\" itemtype=\"https:\/\/schema.org\/CreativeWork\" ><div class='avia_textblock'  itemprop=\"text\" ><h2 style=\"text-align: center;\"><span style=\"color: #000000;\">Aqui est\u00e3o alguns dos diferenciais do Status Samba Show<\/span><\/h2>\n<\/div><\/section>\n<div  class='flex_column av-av_one_fourth-2a9015ff38129c418a3f2eafba3e9512 av_one_fourth  avia-builder-el-5  el_after_av_textblock  el_before_av_one_fourth  first flex_column_div  column-top-margin'     ><article  class='iconbox iconbox_top av-av_icon_box-d5bcb8629b185dcc502e86139b0e0da7  avia-builder-el-6  avia-builder-el-no-sibling  main_color'  itemscope=\"itemscope\" itemtype=\"https:\/\/schema.org\/CreativeWork\" ><div class=\"iconbox_content\"><header class=\"entry-content-header\"><div class=\"iconbox_icon heading-color\" aria-hidden='true' data-av_icon='\ue80b' data-av_iconfont='entypo-fontello'><\/div><h3 class='iconbox_content_title '  itemprop=\"headline\" >Equipe<\/h3><\/header><div class='iconbox_content_container '  itemprop=\"text\" ><p>Equipe de <strong><span style=\"color: #ff6600;\">profissionais<\/span><\/strong> altamente capacitados a proporcionar o maior espet\u00e1culo ao seus eventos. Trabalhamos com <strong><span style=\"color: #ff6600;\">m\u00fasicos<\/span><\/strong> profissionais al\u00e9m de <span style=\"color: #ff6600;\"><strong>int\u00e9rpretes<\/strong><\/span> oficiais e belas <strong><span style=\"color: #ff6600;\">passistas<\/span><\/strong>.<\/p>\n<\/div><\/div><footer class=\"entry-footer\"><\/footer><\/article><\/div><div  class='flex_column av-av_one_fourth-3a36bb508d5fc0610edbe28fa28f353c av_one_fourth  avia-builder-el-7  el_after_av_one_fourth  el_before_av_one_fourth  flex_column_div  column-top-margin'     ><article  class='iconbox iconbox_top av-av_icon_box-9a5df528c0cec7dd5bb14a46ac0407bb  avia-builder-el-8  avia-builder-el-no-sibling  main_color'  itemscope=\"itemscope\" itemtype=\"https:\/\/schema.org\/CreativeWork\" ><div class=\"iconbox_content\"><header class=\"entry-content-header\"><div class=\"iconbox_icon heading-color\" aria-hidden='true' data-av_icon='\ue801' data-av_iconfont='entypo-fontello'><\/div><h3 class='iconbox_content_title '  itemprop=\"headline\" >Personalize<\/h3><\/header><div class='iconbox_content_container '  itemprop=\"text\" ><p>Seu evento com a sua cara, voc\u00ea <strong><span style=\"color: #ff6600;\">personalizar<\/span><\/strong> seu evento escolhendo quais m\u00fasicas ser\u00e3o executadas em seu evento. Temos um setlist bem variado com v\u00e1rios estilos musicais executados em nossos eventos.<\/p>\n<\/div><\/div><footer class=\"entry-footer\"><\/footer><\/article><\/div><div  class='flex_column av-av_one_fourth-3a36bb508d5fc0610edbe28fa28f353c av_one_fourth  avia-builder-el-9  el_after_av_one_fourth  el_before_av_one_fourth  flex_column_div  column-top-margin'     ><article  class='iconbox iconbox_top av-av_icon_box-238f0e7f7f4c3c069e6887119b4bbc98  avia-builder-el-10  avia-builder-el-no-sibling  main_color'  itemscope=\"itemscope\" itemtype=\"https:\/\/schema.org\/CreativeWork\" ><div class=\"iconbox_content\"><header class=\"entry-content-header\"><div class=\"iconbox_icon heading-color\" aria-hidden='true' data-av_icon='\ue80f' data-av_iconfont='entypo-fontello'><\/div><h3 class='iconbox_content_title '  itemprop=\"headline\" >Fotografia Gratuita<\/h3><\/header><div class='iconbox_content_container '  itemprop=\"text\" ><p>Tenha cobertura fotogr\u00e1fica <strong><span style=\"color: #ff6600;\">profissional<\/span><\/strong> totalmente <span style=\"color: #ff6600;\"><strong>gratuita<\/strong><\/span> de seu evento. Trabalhamos com fot\u00f3grafos altamente capacitados a captar os melhores momentos de seu evento.<\/p>\n<\/div><\/div><footer class=\"entry-footer\"><\/footer><\/article><\/div><div  class='flex_column av-av_one_fourth-3a36bb508d5fc0610edbe28fa28f353c av_one_fourth  avia-builder-el-11  el_after_av_one_fourth  el_before_av_promobox  flex_column_div  column-top-margin'     ><article  class='iconbox iconbox_top av-av_icon_box-96ce8385f7e792d4650f2cd6a2e408e9  avia-builder-el-12  avia-builder-el-no-sibling  main_color'  itemscope=\"itemscope\" itemtype=\"https:\/\/schema.org\/CreativeWork\" ><div class=\"iconbox_content\"><header class=\"entry-content-header\"><div class=\"iconbox_icon heading-color\" aria-hidden='true' data-av_icon='\ue82b' data-av_iconfont='entypo-fontello'><\/div><h3 class='iconbox_content_title '  itemprop=\"headline\" >Pagamento<\/h3><\/header><div class='iconbox_content_container '  itemprop=\"text\" ><p>Cansado de valores alt\u00edssimos por servi\u00e7os sem qualidade? Al\u00e9m de valores diferenciados e justos, facilitamos seu pagamento em at\u00e9 <span style=\"color: #ff6600;\"><strong>12 vezes.<\/strong><\/span> <strong><span style=\"color: #ff6600;\"><a href=\"http:\/\/statussambashow.com.br\/site\/?page_id=1167\" target=\"_blank\" rel=\"noopener\"><span style=\"color: #ff6600;\">CONSULTE-NOS<\/span><\/a><\/span><\/strong><\/p>\n<\/div><\/div><footer class=\"entry-footer\"><\/footer><\/article><\/div><div  class='av_promobox av-av_promobox-2491f80c504f6f9e33bbd7e5fdfa8644 avia-button-yes  avia-builder-el-13  el_after_av_one_fourth  avia-builder-el-last '><div class='avia-promocontent'><p>Todos nossos pacotes podem ser personalizados conforme a necessidade de seu evento. Entre em contato conosco que um de nossos consultores enviar\u00e1\u00a0uma proposta detalhada.<\/p>\n<\/div><div  class='avia-button-wrap av-av_button-a7f4a60cac0d7b9e93503690b50c9c1d-wrap avia-button-right '><a href='http:\/\/statussambashow.com.br\/site\/?page_id=1167'  class='avia-button av-av_button-a7f4a60cac0d7b9e93503690b50c9c1d av-link-btn avia-icon_select-no avia-size-large avia-position-right avia-color-theme-color'  ><span class='avia_iconbox_title' >Contato<\/span><\/a><\/div><\/div>\n<\/div><\/div><\/div><!-- close content main div --><\/div><\/div><div id='after_section_1'  class='main_color av_default_container_wrap container_wrap sidebar_right'  ><div class='container av-section-cont-open' ><div class='template-page content  av-content-small alpha units'><div class='post-entry post-entry-type-page post-entry-2870'><div class='entry-content-wrapper clearfix'>\n","protected":false},"excerpt":{"rendered":"","protected":false},"author":1,"featured_media":0,"parent":0,"menu_order":0,"comment_status":"open","ping_status":"closed","template":"","meta":{"_bbp_topic_count":0,"_bbp_reply_count":0,"_bbp_total_topic_count":0,"_bbp_total_reply_count":0,"_bbp_voice_count":0,"_bbp_anonymous_reply_count":0,"_bbp_topic_count_hidden":0,"_bbp_reply_count_hidden":0,"_bbp_forum_subforum_count":0,"_monsterinsights_skip_tracking":false,"_monsterinsights_sitenote_active":false,"_monsterinsights_sitenote_note":"","_monsterinsights_sitenote_category":0,"footnotes":""},"class_list":["post-2870","page","type-page","status-publish","hentry"],"yoast_head":"<!-- This site is optimized with the Yoast SEO plugin v23.3 - https:\/\/yoast.com\/wordpress\/plugins\/seo\/ -->\n<title>Pacotes - Status Samba Show - Status Samba Show<\/title>\n<meta name=\"robots\" content=\"index, follow, max-snippet:-1, max-image-preview:large, max-video-preview:-1\" \/>\n<link rel=\"canonical\" href=\"https:\/\/www.statussambashow.com.br\/site\/pacotes-de-shows-e-eventos-status-samba-show\/\" \/>\n<meta property=\"og:locale\" content=\"pt_BR\" \/>\n<meta property=\"og:type\" content=\"article\" \/>\n<meta property=\"og:title\" content=\"Pacotes - Status Samba Show - Status Samba Show\" \/>\n<meta property=\"og:url\" content=\"https:\/\/www.statussambashow.com.br\/site\/pacotes-de-shows-e-eventos-status-samba-show\/\" \/>\n<meta property=\"og:site_name\" content=\"Status Samba Show\" \/>\n<meta property=\"article:publisher\" content=\"https:\/\/www.facebook.com\/statussambashow\" \/>\n<meta property=\"article:modified_time\" content=\"2014-09-05T01:55:34+00:00\" \/>\n<meta name=\"twitter:card\" content=\"summary_large_image\" \/>\n<meta name=\"twitter:label1\" content=\"Est. tempo de leitura\" \/>\n\t<meta name=\"twitter:data1\" content=\"2 minutos\" \/>\n<script type=\"application\/ld+json\" class=\"yoast-schema-graph\">{\"@context\":\"https:\/\/schema.org\",\"@graph\":[{\"@type\":\"WebPage\",\"@id\":\"https:\/\/www.statussambashow.com.br\/site\/pacotes-de-shows-e-eventos-status-samba-show\/\",\"url\":\"https:\/\/www.statussambashow.com.br\/site\/pacotes-de-shows-e-eventos-status-samba-show\/\",\"name\":\"Pacotes - Status Samba Show - Status Samba Show\",\"isPartOf\":{\"@id\":\"http:\/\/www.statussambashow.com.br\/site\/#website\"},\"datePublished\":\"2014-04-29T13:41:17+00:00\",\"dateModified\":\"2014-09-05T01:55:34+00:00\",\"breadcrumb\":{\"@id\":\"https:\/\/www.statussambashow.com.br\/site\/pacotes-de-shows-e-eventos-status-samba-show\/#breadcrumb\"},\"inLanguage\":\"pt-BR\",\"potentialAction\":[{\"@type\":\"ReadAction\",\"target\":[\"https:\/\/www.statussambashow.com.br\/site\/pacotes-de-shows-e-eventos-status-samba-show\/\"]}]},{\"@type\":\"BreadcrumbList\",\"@id\":\"https:\/\/www.statussambashow.com.br\/site\/pacotes-de-shows-e-eventos-status-samba-show\/#breadcrumb\",\"itemListElement\":[{\"@type\":\"ListItem\",\"position\":1,\"name\":\"In\u00edcio\",\"item\":\"http:\/\/www.statussambashow.com.br\/site\/\"},{\"@type\":\"ListItem\",\"position\":2,\"name\":\"Pacotes &#8211; Status Samba Show\"}]},{\"@type\":\"WebSite\",\"@id\":\"http:\/\/www.statussambashow.com.br\/site\/#website\",\"url\":\"http:\/\/www.statussambashow.com.br\/site\/\",\"name\":\"Status Samba Show\",\"description\":\"Bateria de Escola de Samba para Festas de Casamento, Formaturas, Festas de Debutantes e Festas de Anivers\u00e1rios.\",\"publisher\":{\"@id\":\"http:\/\/www.statussambashow.com.br\/site\/#organization\"},\"potentialAction\":[{\"@type\":\"SearchAction\",\"target\":{\"@type\":\"EntryPoint\",\"urlTemplate\":\"http:\/\/www.statussambashow.com.br\/site\/?s={search_term_string}\"},\"query-input\":\"required name=search_term_string\"}],\"inLanguage\":\"pt-BR\"},{\"@type\":\"Organization\",\"@id\":\"http:\/\/www.statussambashow.com.br\/site\/#organization\",\"name\":\"Status Samba Show\",\"url\":\"http:\/\/www.statussambashow.com.br\/site\/\",\"logo\":{\"@type\":\"ImageObject\",\"inLanguage\":\"pt-BR\",\"@id\":\"http:\/\/www.statussambashow.com.br\/site\/#\/schema\/logo\/image\/\",\"url\":\"http:\/\/www.statussambashow.com.br\/site\/wp-content\/uploads\/2019\/07\/logo_fundo_trans.png\",\"contentUrl\":\"http:\/\/www.statussambashow.com.br\/site\/wp-content\/uploads\/2019\/07\/logo_fundo_trans.png\",\"width\":1575,\"height\":1575,\"caption\":\"Status Samba Show\"},\"image\":{\"@id\":\"http:\/\/www.statussambashow.com.br\/site\/#\/schema\/logo\/image\/\"},\"sameAs\":[\"https:\/\/www.facebook.com\/statussambashow\",\"https:\/\/www.instagram.com\/statussambashow\/\"]}]}<\/script>\n<!-- \/ Yoast SEO plugin. -->","yoast_head_json":{"title":"Pacotes - Status Samba Show - Status Samba Show","robots":{"index":"index","follow":"follow","max-snippet":"max-snippet:-1","max-image-preview":"max-image-preview:large","max-video-preview":"max-video-preview:-1"},"canonical":"https:\/\/www.statussambashow.com.br\/site\/pacotes-de-shows-e-eventos-status-samba-show\/","og_locale":"pt_BR","og_type":"article","og_title":"Pacotes - Status Samba Show - Status Samba Show","og_url":"https:\/\/www.statussambashow.com.br\/site\/pacotes-de-shows-e-eventos-status-samba-show\/","og_site_name":"Status Samba Show","article_publisher":"https:\/\/www.facebook.com\/statussambashow","article_modified_time":"2014-09-05T01:55:34+00:00","twitter_card":"summary_large_image","twitter_misc":{"Est. tempo de leitura":"2 minutos"},"schema":{"@context":"https:\/\/schema.org","@graph":[{"@type":"WebPage","@id":"https:\/\/www.statussambashow.com.br\/site\/pacotes-de-shows-e-eventos-status-samba-show\/","url":"https:\/\/www.statussambashow.com.br\/site\/pacotes-de-shows-e-eventos-status-samba-show\/","name":"Pacotes - Status Samba Show - Status Samba Show","isPartOf":{"@id":"http:\/\/www.statussambashow.com.br\/site\/#website"},"datePublished":"2014-04-29T13:41:17+00:00","dateModified":"2014-09-05T01:55:34+00:00","breadcrumb":{"@id":"https:\/\/www.statussambashow.com.br\/site\/pacotes-de-shows-e-eventos-status-samba-show\/#breadcrumb"},"inLanguage":"pt-BR","potentialAction":[{"@type":"ReadAction","target":["https:\/\/www.statussambashow.com.br\/site\/pacotes-de-shows-e-eventos-status-samba-show\/"]}]},{"@type":"BreadcrumbList","@id":"https:\/\/www.statussambashow.com.br\/site\/pacotes-de-shows-e-eventos-status-samba-show\/#breadcrumb","itemListElement":[{"@type":"ListItem","position":1,"name":"In\u00edcio","item":"http:\/\/www.statussambashow.com.br\/site\/"},{"@type":"ListItem","position":2,"name":"Pacotes &#8211; Status Samba Show"}]},{"@type":"WebSite","@id":"http:\/\/www.statussambashow.com.br\/site\/#website","url":"http:\/\/www.statussambashow.com.br\/site\/","name":"Status Samba Show","description":"Bateria de Escola de Samba para Festas de Casamento, Formaturas, Festas de Debutantes e Festas de Anivers\u00e1rios.","publisher":{"@id":"http:\/\/www.statussambashow.com.br\/site\/#organization"},"potentialAction":[{"@type":"SearchAction","target":{"@type":"EntryPoint","urlTemplate":"http:\/\/www.statussambashow.com.br\/site\/?s={search_term_string}"},"query-input":"required name=search_term_string"}],"inLanguage":"pt-BR"},{"@type":"Organization","@id":"http:\/\/www.statussambashow.com.br\/site\/#organization","name":"Status Samba Show","url":"http:\/\/www.statussambashow.com.br\/site\/","logo":{"@type":"ImageObject","inLanguage":"pt-BR","@id":"http:\/\/www.statussambashow.com.br\/site\/#\/schema\/logo\/image\/","url":"http:\/\/www.statussambashow.com.br\/site\/wp-content\/uploads\/2019\/07\/logo_fundo_trans.png","contentUrl":"http:\/\/www.statussambashow.com.br\/site\/wp-content\/uploads\/2019\/07\/logo_fundo_trans.png","width":1575,"height":1575,"caption":"Status Samba Show"},"image":{"@id":"http:\/\/www.statussambashow.com.br\/site\/#\/schema\/logo\/image\/"},"sameAs":["https:\/\/www.facebook.com\/statussambashow","https:\/\/www.instagram.com\/statussambashow\/"]}]}},"jetpack_sharing_enabled":true,"jetpack-related-posts":[],"_links":{"self":[{"href":"http:\/\/www.statussambashow.com.br\/site\/wp-json\/wp\/v2\/pages\/2870"}],"collection":[{"href":"http:\/\/www.statussambashow.com.br\/site\/wp-json\/wp\/v2\/pages"}],"about":[{"href":"http:\/\/www.statussambashow.com.br\/site\/wp-json\/wp\/v2\/types\/page"}],"author":[{"embeddable":true,"href":"http:\/\/www.statussambashow.com.br\/site\/wp-json\/wp\/v2\/users\/1"}],"replies":[{"embeddable":true,"href":"http:\/\/www.statussambashow.com.br\/site\/wp-json\/wp\/v2\/comments?post=2870"}],"version-history":[{"count":44,"href":"http:\/\/www.statussambashow.com.br\/site\/wp-json\/wp\/v2\/pages\/2870\/revisions"}],"predecessor-version":[{"id":4038,"href":"http:\/\/www.statussambashow.com.br\/site\/wp-json\/wp\/v2\/pages\/2870\/revisions\/4038"}],"wp:attachment":[{"href":"http:\/\/www.statussambashow.com.br\/site\/wp-json\/wp\/v2\/media?parent=2870"}],"curies":[{"name":"wp","href":"https:\/\/api.w.org\/{rel}","templated":true}]}}